{"id":7,"date":"2013-07-06T15:10:27","date_gmt":"2013-07-06T15:10:27","guid":{"rendered":"http:\/\/arpee.org.ro\/?page_id=7"},"modified":"2022-11-11T05:42:47","modified_gmt":"2022-11-11T05:42:47","slug":"contact","status":"publish","type":"page","link":"https:\/\/arpee.org.ro\/en\/contact\/","title":{"rendered":"Contact"},"content":{"rendered":"<p><\/p>\n<h1 class=\"text-center mar30b mar0t\">More information on Energy Efficiency<\/h1>\n<p>Ghica House, 13 No Ion Ghica , 4rd floor, sector3, Bucharest, Rom\u00e2nia<br \/>\n<strong>\u00a0<\/strong>\u00a0+40 741 286 333<br \/>\n<strong>\u00a0<\/strong> <a href=\"mailto:office@arpee.org.ro\">office@arpee.org.ro<\/a><br \/>\n&#8230;&#8230;.<\/p>\n<p><strong>M\u0103d\u0103lin Marian Apostol<\/strong>, President<\/p>\n<p><strong>Adrian Ciurtin<\/strong>, VicePresident<\/p>\n<p><strong>Larisa C\u00e2rl\u0103naru<\/strong>, Executive Director<\/p>\n<p><strong>Claudia Staicu<\/strong>, General Secretary <\/p>","protected":false},"excerpt":{"rendered":"<p>More information on Energy Efficiency Ghica House, 13 No Ion Ghica , 4rd floor, sector3, Bucharest, Rom\u00e2nia \u00a0\u00a0+40 741 286 333 \u00a0 office@arpee.org.ro &#8230;&#8230;. M\u0103d\u0103lin Marian Apostol, President Adrian Ciurtin, VicePresident Larisa C\u00e2rl\u0103naru, Executive Director Claudia Staicu, General Secretary<\/p>\n","protected":false},"author":1,"featured_media":0,"parent":0,"menu_order":0,"comment_status":"open","ping_status":"open","template":"","meta":[],"_links":{"self":[{"href":"https:\/\/arpee.org.ro\/en\/wp-json\/wp\/v2\/pages\/7"}],"collection":[{"href":"https:\/\/arpee.org.ro\/en\/wp-json\/wp\/v2\/pages"}],"about":[{"href":"https:\/\/arpee.org.ro\/en\/wp-json\/wp\/v2\/types\/page"}],"author":[{"embeddable":true,"href":"https:\/\/arpee.org.ro\/en\/wp-json\/wp\/v2\/users\/1"}],"replies":[{"embeddable":true,"href":"https:\/\/arpee.org.ro\/en\/wp-json\/wp\/v2\/comments?post=7"}],"version-history":[{"count":54,"href":"https:\/\/arpee.org.ro\/en\/wp-json\/wp\/v2\/pages\/7\/revisions"}],"predecessor-version":[{"id":2091,"href":"https:\/\/arpee.org.ro\/en\/wp-json\/wp\/v2\/pages\/7\/revisions\/2091"}],"wp:attachment":[{"href":"https:\/\/arpee.org.ro\/en\/wp-json\/wp\/v2\/media?parent=7"}],"curies":[{"name":"wp","href":"https:\/\/api.w.org\/{rel}","templated":true}]}}